{"id":1185,"date":"2024-05-22T09:41:53","date_gmt":"2024-05-22T07:41:53","guid":{"rendered":"https:\/\/kultur-in-hardegsen.de\/?page_id=1185"},"modified":"2025-11-28T08:57:01","modified_gmt":"2025-11-28T07:57:01","slug":"burg-hardeg","status":"publish","type":"page","link":"http:\/\/kultur-in-hardegsen.de\/?page_id=1185","title":{"rendered":"Burg Hardegsen"},"content":{"rendered":"\t\t<div data-elementor-type=\"wp-page\" data-elementor-id=\"1185\" class=\"elementor elementor-1185\" data-elementor-post-type=\"page\">\n\t\t\t\t<div class=\"elementor-element elementor-element-1184cb6e e-flex e-con-boxed e-con e-parent\" data-id=\"1184cb6e\" data-element_type=\"container\" data-e-type=\"container\" data-settings=\"{&quot;jet_parallax_layout_list&quot;:[]}\">\n\t\t\t\t\t<div class=\"e-con-inner\">\n\t\t<div class=\"elementor-element elementor-element-8cd6f51 e-con-full e-flex e-con e-child\" data-id=\"8cd6f51\" data-element_type=\"container\" data-e-type=\"container\" data-settings=\"{&quot;jet_parallax_layout_list&quot;:[]}\">\n\t\t\t\t<div class=\"elementor-element elementor-element-48799936 elementor-widget elementor-widget-heading\" data-id=\"48799936\" data-element_type=\"widget\" data-e-type=\"widget\" data-widget_type=\"heading.default\">\n\t\t\t\t<div class=\"elementor-widget-container\">\n\t\t\t\t\t<h2 class=\"elementor-heading-title elementor-size-default\">DIE BURG HARDEGSEN MIT KURPARK<\/h2>\t\t\t\t<\/div>\n\t\t\t\t<\/div>\n\t\t\t\t<div class=\"elementor-element elementor-element-51d5aace elementor-widget elementor-widget-text-editor\" data-id=\"51d5aace\" data-element_type=\"widget\" data-e-type=\"widget\" data-widget_type=\"text-editor.default\">\n\t\t\t\t<div class=\"elementor-widget-container\">\n\t\t\t\t\t\t\t\t\t<p><span class=\"xr_tl xr_s3\">Auf der H\u00f6he des Burgberges blickt das anno 1324 von den Rittern Conrad und Ludwig von <\/span><span class=\"xr_tl xr_s3\">Rosdorf erbaute Muthaus majest\u00e4tisch auf die Stadt Hardegsen herab und tr\u00e4umt von vergangenen <\/span><span class=\"xr_tl xr_s3\">Zeiten. Es k\u00f6nnte erz\u00e4hlen von glanzvollen Tagen der Herren von Rosdorf, vom f\u00fcrstlichen Hoflager <\/span><span class=\"xr_tl xr_s3\">und von fr\u00f6hlichen Jagdz\u00fcgen. Aber auch vom Elend armer Gefangener, vom Waffengeklirr, Feuer <\/span><span class=\"xr_tl xr_s3\">und Blutvergie\u00dfen w\u00fcsste es zu berichten. Und stolz d\u00fcrfte es darauf sein, als einziger \u00dcberrest der <\/span><span class=\"xr_tl xr_s3\">Burg Hardegsen die Zeit \u00fcberdauert zu haben.<\/span><\/p><p><span class=\"xr_tl xr_s3\">Da wo einst Raubritter ihr Unwesen trieben, geht es heute wesentlich friedlicher zu. Die Kultur <\/span><span class=\"xr_tl xr_s3\">Initiative Hardegsen hat die R\u00e4ume des Muthauses in ihre Obhut genommen. Durch Vermietung <\/span><span class=\"xr_tl xr_s3\">des Gew\u00f6lbekellers und des wei\u00dfen Saales mit ihren 2,40 m dicken Au\u00dfenmauern finden hier heute <\/span><span class=\"xr_tl xr_s3\">private Feieren, Tagungen und Ausstellungen in einer ganz besonderen Atmosph\u00e4re statt. Den <\/span><span class=\"xr_tl xr_s3\">B\u00fcrgern der Stadt Hardegsen und G\u00e4sten aus dem Umland wird hier ein umfangreiches kulturelles <\/span><span class=\"xr_tl xr_s3\">Programm in historischen R\u00e4umen geboten.<\/span><\/p><p><span class=\"xr_tl xr_s3\">Der Kurpark ist anliegend an der Burg Hardegsen, eine in den Siebzigerjahren des 20. Jahrhunderts <\/span><span class=\"xr_tl xr_s3\">angelegte Anlage, in der sich Kurg\u00e4ste zur Erholung und zu kommunikativen Zwecken aufhalten <\/span><span class=\"xr_tl xr_s3\">sollten. Daher befindet sich dort ein vom Wasser des das Areal durchflie\u00dfenden Baches Lunau <\/span><span class=\"xr_tl xr_s3\">gespeister k\u00fcnstlicher Teich, an dem Parkb\u00e4nke auf h\u00f6lzernen Stegen zum Verweilen einladen, <\/span><span class=\"xr_tl xr_s3\">sowie ein Musikpavillon. Nach dem Verlust des Titels &#8222;Luftkurort&#8220; verlor diese in unmittelbarer N\u00e4he <\/span><span class=\"xr_tl xr_s3\">der Burganlage befindliche Fl\u00e4che ihre urspr\u00fcngliche Funktion, wird aber weiterhin als Park f\u00fcr die <\/span><span class=\"xr_tl xr_s3\">B\u00fcrger gepflegt und unterhalten.<\/span><\/p>\t\t\t\t\t\t\t\t<\/div>\n\t\t\t\t<\/div>\n\t\t\t\t<\/div>\n\t\t\t\t\t<\/div>\n\t\t\t\t<\/div>\n\t\t<div class=\"elementor-element elementor-element-034cb60 e-flex e-con-boxed e-con e-parent\" data-id=\"034cb60\" data-element_type=\"container\" data-e-type=\"container\" data-settings=\"{&quot;jet_parallax_layout_list&quot;:[]}\">\n\t\t\t\t\t<div class=\"e-con-inner\">\n\t\t<div class=\"elementor-element elementor-element-226eead e-con-full e-flex e-con e-child\" data-id=\"226eead\" data-element_type=\"container\" data-e-type=\"container\" data-settings=\"{&quot;jet_parallax_layout_list&quot;:[]}\">\n\t\t\t\t<div class=\"elementor-element elementor-element-96ca00a elementor-widget elementor-widget-image\" data-id=\"96ca00a\" data-element_type=\"widget\" data-e-type=\"widget\" data-widget_type=\"image.default\">\n\t\t\t\t<div class=\"elementor-widget-container\">\n\t\t\t\t\t\t\t\t\t\t\t\t\t\t\t<img decoding=\"async\" width=\"225\" height=\"170\" src=\"http:\/\/kultur-in-hardegsen.de\/wp-content\/uploads\/2024\/05\/7183.jpg\" class=\"attachment-large size-large wp-image-1196\" alt=\"\" \/>\t\t\t\t\t\t\t\t\t\t\t\t\t\t\t<\/div>\n\t\t\t\t<\/div>\n\t\t\t\t<\/div>\n\t\t<div class=\"elementor-element elementor-element-3bdb5c9 e-con-full e-flex e-con e-child\" data-id=\"3bdb5c9\" data-element_type=\"container\" data-e-type=\"container\" data-settings=\"{&quot;jet_parallax_layout_list&quot;:[]}\">\n\t\t\t\t<div class=\"elementor-element elementor-element-f075ba5 elementor-widget elementor-widget-image\" data-id=\"f075ba5\" data-element_type=\"widget\" data-e-type=\"widget\" data-widget_type=\"image.default\">\n\t\t\t\t<div class=\"elementor-widget-container\">\n\t\t\t\t\t\t\t\t\t\t\t\t\t\t\t<img decoding=\"async\" width=\"225\" height=\"170\" src=\"http:\/\/kultur-in-hardegsen.de\/wp-content\/uploads\/2024\/05\/7185.jpg\" class=\"attachment-large size-large wp-image-1198\" alt=\"\" \/>\t\t\t\t\t\t\t\t\t\t\t\t\t\t\t<\/div>\n\t\t\t\t<\/div>\n\t\t\t\t<\/div>\n\t\t<div class=\"elementor-element elementor-element-71318c9 e-con-full e-flex e-con e-child\" data-id=\"71318c9\" data-element_type=\"container\" data-e-type=\"container\" data-settings=\"{&quot;jet_parallax_layout_list&quot;:[]}\">\n\t\t\t\t<div class=\"elementor-element elementor-element-0fdca37 elementor-widget elementor-widget-image\" data-id=\"0fdca37\" data-element_type=\"widget\" data-e-type=\"widget\" data-widget_type=\"image.default\">\n\t\t\t\t<div class=\"elementor-widget-container\">\n\t\t\t\t\t\t\t\t\t\t\t\t\t\t\t<img decoding=\"async\" width=\"225\" height=\"170\" src=\"http:\/\/kultur-in-hardegsen.de\/wp-content\/uploads\/2024\/05\/7184.jpg\" class=\"attachment-large size-large wp-image-1197\" alt=\"\" \/>\t\t\t\t\t\t\t\t\t\t\t\t\t\t\t<\/div>\n\t\t\t\t<\/div>\n\t\t\t\t<\/div>\n\t\t<div class=\"elementor-element elementor-element-606ff3f e-con-full e-flex e-con e-child\" data-id=\"606ff3f\" data-element_type=\"container\" data-e-type=\"container\" data-settings=\"{&quot;jet_parallax_layout_list&quot;:[]}\">\n\t\t\t\t<div class=\"elementor-element elementor-element-62d0459 elementor-widget elementor-widget-image\" data-id=\"62d0459\" data-element_type=\"widget\" data-e-type=\"widget\" data-widget_type=\"image.default\">\n\t\t\t\t<div class=\"elementor-widget-container\">\n\t\t\t\t\t\t\t\t\t\t\t\t\t\t\t<img loading=\"lazy\" decoding=\"async\" width=\"225\" height=\"170\" src=\"http:\/\/kultur-in-hardegsen.de\/wp-content\/uploads\/2024\/05\/7186.jpg\" class=\"attachment-large size-large wp-image-1199\" alt=\"\" \/>\t\t\t\t\t\t\t\t\t\t\t\t\t\t\t<\/div>\n\t\t\t\t<\/div>\n\t\t\t\t<\/div>\n\t\t<div class=\"elementor-element elementor-element-8ee4ea8 e-con-full e-flex e-con e-child\" data-id=\"8ee4ea8\" data-element_type=\"container\" data-e-type=\"container\" data-settings=\"{&quot;jet_parallax_layout_list&quot;:[]}\">\n\t\t\t\t<div class=\"elementor-element elementor-element-5b8b5dc elementor-widget elementor-widget-image\" data-id=\"5b8b5dc\" data-element_type=\"widget\" data-e-type=\"widget\" data-widget_type=\"image.default\">\n\t\t\t\t<div class=\"elementor-widget-container\">\n\t\t\t\t\t\t\t\t\t\t\t\t\t\t\t<img loading=\"lazy\" decoding=\"async\" width=\"225\" height=\"170\" src=\"http:\/\/kultur-in-hardegsen.de\/wp-content\/uploads\/2024\/05\/7187.jpg\" class=\"attachment-large size-large wp-image-1200\" alt=\"\" \/>\t\t\t\t\t\t\t\t\t\t\t\t\t\t\t<\/div>\n\t\t\t\t<\/div>\n\t\t\t\t<\/div>\n\t\t<div class=\"elementor-element elementor-element-21ce908 e-con-full e-flex e-con e-child\" data-id=\"21ce908\" data-element_type=\"container\" data-e-type=\"container\" data-settings=\"{&quot;jet_parallax_layout_list&quot;:[]}\">\n\t\t\t\t<div class=\"elementor-element elementor-element-655c2d7 elementor-widget elementor-widget-image\" data-id=\"655c2d7\" data-element_type=\"widget\" data-e-type=\"widget\" data-widget_type=\"image.default\">\n\t\t\t\t<div class=\"elementor-widget-container\">\n\t\t\t\t\t\t\t\t\t\t\t\t\t\t\t<img loading=\"lazy\" decoding=\"async\" width=\"225\" height=\"170\" src=\"http:\/\/kultur-in-hardegsen.de\/wp-content\/uploads\/2024\/05\/7188.jpg\" class=\"attachment-large size-large wp-image-1201\" alt=\"\" \/>\t\t\t\t\t\t\t\t\t\t\t\t\t\t\t<\/div>\n\t\t\t\t<\/div>\n\t\t\t\t<\/div>\n\t\t\t\t\t<\/div>\n\t\t\t\t<\/div>\n\t\t<div class=\"elementor-element elementor-element-47a4782 e-flex e-con-boxed e-con e-parent\" data-id=\"47a4782\" data-element_type=\"container\" data-e-type=\"container\" data-settings=\"{&quot;jet_parallax_layout_list&quot;:[]}\">\n\t\t\t\t\t<div class=\"e-con-inner\">\n\t\t\t\t<div class=\"elementor-element elementor-element-ebd24c9 elementor-widget elementor-widget-text-editor\" data-id=\"ebd24c9\" data-element_type=\"widget\" data-e-type=\"widget\" data-widget_type=\"text-editor.default\">\n\t\t\t\t<div class=\"elementor-widget-container\">\n\t\t\t\t\t\t\t\t\t<p><span class=\"xr_tl xr_s3\">Seit einigen Jahren geben sich Brautpaare in der Hardegser Burg das Ja-Wort. In rustikaler, aber <\/span><span class=\"xr_tl xr_s3\">romantischer Atmosp\u00e4hre erwarten Sie unsere Standesbeamten bei Kerzenschein im Rittersaal zu <\/span><span class=\"xr_tl xr_s3\">Ihrem Start ins gemeinsme Ehegl\u00fcck. Das Burggel\u00e4nde und der anliegende Kurpark laden zudem <\/span><span class=\"xr_tl xr_s3\">zu unvergesslichen Motiven und Fotoaufnahmen anl\u00e4sslich Ihrer Hochzeit ein.\u00a0<\/span><\/p><p><em><span class=\"xr_tl xr_s20\">Trauungen auf Burg Hardegsen sind von Mai bis einschlie\u00dflich Oktober m\u00f6glich. Trauungstermine \/ <\/span><span class=\"xr_tl xr_s20\">Besichtigungstermine sind nach vorheriger Absprache mit dem Standesamt m\u00f6glich<\/span>.<\/em><\/p>\t\t\t\t\t\t\t\t<\/div>\n\t\t\t\t<\/div>\n\t\t\t\t\t<\/div>\n\t\t\t\t<\/div>\n\t\t\t\t<\/div>\n\t\t","protected":false},"excerpt":{"rendered":"<p>DIE BURG HARDEGSEN MIT KURPARK Auf der H\u00f6he des Burgberges blickt das anno 1324 von den Rittern Conrad und Ludwig von Rosdorf erbaute Muthaus majest\u00e4tisch auf die Stadt Hardegsen herab und tr\u00e4umt von vergangenen Zeiten. Es k\u00f6nnte erz\u00e4hlen von glanzvollen Tagen der Herren von Rosdorf, vom f\u00fcrstlichen Hoflager und von fr\u00f6hlichen Jagdz\u00fcgen. Aber auch vom [&hellip;]<\/p>\n","protected":false},"author":1,"featured_media":0,"parent":0,"menu_order":0,"comment_status":"closed","ping_status":"closed","template":"","meta":{"footnotes":""},"class_list":["post-1185","page","type-page","status-publish","hentry"],"_links":{"self":[{"href":"http:\/\/kultur-in-hardegsen.de\/index.php?rest_route=\/wp\/v2\/pages\/1185","targetHints":{"allow":["GET"]}}],"collection":[{"href":"http:\/\/kultur-in-hardegsen.de\/index.php?rest_route=\/wp\/v2\/pages"}],"about":[{"href":"http:\/\/kultur-in-hardegsen.de\/index.php?rest_route=\/wp\/v2\/types\/page"}],"author":[{"embeddable":true,"href":"http:\/\/kultur-in-hardegsen.de\/index.php?rest_route=\/wp\/v2\/users\/1"}],"replies":[{"embeddable":true,"href":"http:\/\/kultur-in-hardegsen.de\/index.php?rest_route=%2Fwp%2Fv2%2Fcomments&post=1185"}],"version-history":[{"count":10,"href":"http:\/\/kultur-in-hardegsen.de\/index.php?rest_route=\/wp\/v2\/pages\/1185\/revisions"}],"predecessor-version":[{"id":1862,"href":"http:\/\/kultur-in-hardegsen.de\/index.php?rest_route=\/wp\/v2\/pages\/1185\/revisions\/1862"}],"wp:attachment":[{"href":"http:\/\/kultur-in-hardegsen.de\/index.php?rest_route=%2Fwp%2Fv2%2Fmedia&parent=1185"}],"curies":[{"name":"wp","href":"https:\/\/api.w.org\/{rel}","templated":true}]}}